{"id":2166,"date":"2022-10-02T12:08:14","date_gmt":"2022-10-02T12:08:14","guid":{"rendered":"https:\/\/mexicotransportservice.com\/renuncia-de-afiliacao\/"},"modified":"2022-11-07T09:14:29","modified_gmt":"2022-11-07T09:14:29","slug":"renuncia-de-afiliacao","status":"publish","type":"page","link":"https:\/\/mexicotransportservice.com\/pt-br\/renuncia-de-afiliacao\/","title":{"rendered":"Ren\u00fancia de afilia\u00e7\u00e3o"},"content":{"rendered":"\n<p><strong>\n<div role=\"navigation\" aria-label=\"Seletor de idioma\" class=\"wpml-ls-statics-shortcode_actions wpml-ls wpml-ls-legacy-list-horizontal\">\n\t<ul><li class=\"wpml-ls-slot-shortcode_actions wpml-ls-item wpml-ls-item-en wpml-ls-first-item wpml-ls-item-legacy-list-horizontal\">\n\t\t\t\t<a href=\"https:\/\/mexicotransportservice.com\/\" hreflang=\"en\" lang=\"en\" class=\"wpml-ls-link\" aria-label=\"Mudar para Ingl\u00eas (English)\" title=\"Mudar para Ingl\u00eas (English)\">\n\t\t\t\t\t<span class=\"wpml-ls-native\">English<\/span><span class=\"wpml-ls-display\"><span class=\"wpml-ls-bracket\"> (<\/span>Ingl\u00eas<span class=\"wpml-ls-bracket\">)<\/span><\/span><\/a>\n\t\t\t<\/li><li class=\"wpml-ls-slot-shortcode_actions wpml-ls-item wpml-ls-item-de wpml-ls-item-legacy-list-horizontal\">\n\t\t\t\t<a href=\"https:\/\/mexicotransportservice.com\/de\/\" hreflang=\"de\" lang=\"de\" class=\"wpml-ls-link\" aria-label=\"Mudar para Alem\u00e3o (Deutsch)\" title=\"Mudar para Alem\u00e3o (Deutsch)\">\n\t\t\t\t\t<span class=\"wpml-ls-native\">Deutsch<\/span><span class=\"wpml-ls-display\"><span class=\"wpml-ls-bracket\"> (<\/span>Alem\u00e3o<span class=\"wpml-ls-bracket\">)<\/span><\/span><\/a>\n\t\t\t<\/li><li class=\"wpml-ls-slot-shortcode_actions wpml-ls-item wpml-ls-item-nl wpml-ls-item-legacy-list-horizontal\">\n\t\t\t\t<a href=\"https:\/\/mexicotransportservice.com\/nl\/\" hreflang=\"nl\" lang=\"nl\" class=\"wpml-ls-link\" aria-label=\"Mudar para Holand\u00eas (Nederlands)\" title=\"Mudar para Holand\u00eas (Nederlands)\">\n\t\t\t\t\t<span class=\"wpml-ls-native\">Nederlands<\/span><span class=\"wpml-ls-display\"><span class=\"wpml-ls-bracket\"> (<\/span>Holand\u00eas<span class=\"wpml-ls-bracket\">)<\/span><\/span><\/a>\n\t\t\t<\/li><li class=\"wpml-ls-slot-shortcode_actions wpml-ls-item wpml-ls-item-fr wpml-ls-item-legacy-list-horizontal\">\n\t\t\t\t<a href=\"https:\/\/mexicotransportservice.com\/fr\/\" hreflang=\"fr\" lang=\"fr\" class=\"wpml-ls-link\" aria-label=\"Mudar para Franc\u00eas (Fran\u00e7ais)\" title=\"Mudar para Franc\u00eas (Fran\u00e7ais)\">\n\t\t\t\t\t<span class=\"wpml-ls-native\">Fran\u00e7ais<\/span><span class=\"wpml-ls-display\"><span class=\"wpml-ls-bracket\"> (<\/span>Franc\u00eas<span class=\"wpml-ls-bracket\">)<\/span><\/span><\/a>\n\t\t\t<\/li><li class=\"wpml-ls-slot-shortcode_actions wpml-ls-item wpml-ls-item-es wpml-ls-item-legacy-list-horizontal\">\n\t\t\t\t<a href=\"https:\/\/mexicotransportservice.com\/es\/\" hreflang=\"es\" lang=\"es\" class=\"wpml-ls-link\" aria-label=\"Mudar para Espanhol (Espa\u00f1ol)\" title=\"Mudar para Espanhol (Espa\u00f1ol)\">\n\t\t\t\t\t<span class=\"wpml-ls-native\">Espa\u00f1ol<\/span><span class=\"wpml-ls-display\"><span class=\"wpml-ls-bracket\"> (<\/span>Espanhol<span class=\"wpml-ls-bracket\">)<\/span><\/span><\/a>\n\t\t\t<\/li><li class=\"wpml-ls-slot-shortcode_actions wpml-ls-item wpml-ls-item-pt-br wpml-ls-current-language wpml-ls-item-legacy-list-horizontal\">\n\t\t\t\t<a href=\"https:\/\/mexicotransportservice.com\/pt-br\/\" hreflang=\"pt-br\" lang=\"pt-br\" class=\"wpml-ls-link\" aria-current=\"page\" aria-label=\"Mudar para Portugu\u00eas (Portugu\u00eas)\" title=\"Mudar para Portugu\u00eas (Portugu\u00eas)\">\n\t\t\t\t\t<span class=\"wpml-ls-native\">Portugu\u00eas<\/span><\/a>\n\t\t\t<\/li><li class=\"wpml-ls-slot-shortcode_actions wpml-ls-item wpml-ls-item-it wpml-ls-last-item wpml-ls-item-legacy-list-horizontal\">\n\t\t\t\t<a href=\"https:\/\/mexicotransportservice.com\/it\/\" hreflang=\"it\" lang=\"it\" class=\"wpml-ls-link\" aria-label=\"Mudar para Italiano (Italiano)\" title=\"Mudar para Italiano (Italiano)\">\n\t\t\t\t\t<span class=\"wpml-ls-native\">Italiano<\/span><\/a>\n\t\t\t<\/li><\/ul>\n<\/div>\n<\/strong><\/p>\n\n<p>Certos produtos\/servi\u00e7os e links para produtos\/servi\u00e7os s\u00e3o links de afilia\u00e7\u00e3o, e posso ganhar uma comiss\u00e3o por quaisquer compras que fa\u00e7a. Ocasionalmente, sou compensado por dar a minha opini\u00e3o honesta sobre produtos e\/ou servi\u00e7os. Isto n\u00e3o acarretar\u00e1 custos adicionais para si.<\/p>\n\n<p>Menciono-vos estes produtos e servi\u00e7os porque acredito neles e quero ajudar-vos a melhorar a vossa vida. Apenas recomendo produtos ou servi\u00e7os que me pare\u00e7am trazer valor para si. Com total divulga\u00e7\u00e3o, a Universal Traveller \u00e9 um neg\u00f3cio com fins lucrativos, o que significa que ganho um rendimento com este website.<\/p>\n\n<p>Para nos facilitar a ambos, deve assumir que quaisquer links que o conduzam a produtos ou servi\u00e7os s\u00e3o links de afilia\u00e7\u00e3o e que receberei uma comiss\u00e3o pela sua compra.<\/p>\n\n<p>S\u00e3o feitos todos os esfor\u00e7os para assegurar que as liga\u00e7\u00f5es de afilia\u00e7\u00e3o sejam divulgadas em conformidade com a FTC.<\/p>\n\n<p>Como Associado da Amaz\u00f3nia, ganho com compras qualificadas.<\/p>\n\n<p>Este blog aceita formas de publicidade em dinheiro, patroc\u00ednios, inser\u00e7\u00f5es pagas, ou outras formas de compensa\u00e7\u00e3o.<\/p>\n\n<p>Este blog obedece a normas de marketing boca-a-boca. Acreditamos na honestidade nas rela\u00e7\u00f5es, opini\u00f5es, e identidades. A compensa\u00e7\u00e3o recebida pode influenciar o conte\u00fado publicit\u00e1rio, t\u00f3picos, ou posts feitos neste blog. Esse conte\u00fado, espa\u00e7o publicit\u00e1rio, ou correio ser\u00e1 claramente identificado como conte\u00fado pago ou patrocinado.<\/p>\n\n<p>O(s) propriet\u00e1rio(s) deste blog \u00e9(s\u00e3o) compensado(s) para dar opini\u00f5es sobre produtos, servi\u00e7os, websites, e v\u00e1rios outros t\u00f3picos. Mesmo que o(s) propriet\u00e1rio(s) deste blogue receba(m) uma compensa\u00e7\u00e3o pelos nossos posts ou an\u00fancios, damos sempre as nossas opini\u00f5es honestas, descobertas, cren\u00e7as, ou experi\u00eancias sobre esses t\u00f3picos ou produtos. Os pontos de vista e opini\u00f5es expressos neste blog s\u00e3o puramente dos pr\u00f3prios bloggers. Qualquer reclama\u00e7\u00e3o, estat\u00edstica, cota\u00e7\u00e3o ou outra representa\u00e7\u00e3o sobre um produto ou servi\u00e7o deve ser verificada com o fabricante, fornecedor, ou parte em quest\u00e3o.<\/p>\n\n<p><a href=\"https:\/\/mexicotransportservice.com\/pt-br\/politica-de-privacidade\/\" data-type=\"page\" data-id=\"3\">Pol\u00edtica de Privacidade<\/a><\/p>\n<p>[no_toc]<\/p>\n<div id=\"mediavine-settings\" data-blocklist-content-desktop=\"1\" data-blocklist-content-mobile=\"1\"><\/div>\n\n<p><\/p>\n\n\n<div class=\"kk-star-ratings kksr-auto kksr-align-left kksr-valign-bottom\"\n    data-payload='{&quot;align&quot;:&quot;left&quot;,&quot;id&quot;:&quot;2166&quot;,&quot;slug&quot;:&quot;default&quot;,&quot;valign&quot;:&quot;bottom&quot;,&quot;ignore&quot;:&quot;&quot;,&quot;reference&quot;:&quot;auto&quot;,&quot;class&quot;:&quot;&quot;,&quot;count&quot;:&quot;0&quot;,&quot;legendonly&quot;:&quot;&quot;,&quot;readonly&quot;:&quot;&quot;,&quot;score&quot;:&quot;0&quot;,&quot;starsonly&quot;:&quot;&quot;,&quot;best&quot;:&quot;5&quot;,&quot;gap&quot;:&quot;5&quot;,&quot;greet&quot;:&quot;Rate this page&quot;,&quot;legend&quot;:&quot;0\\\/5 - (0 voto)&quot;,&quot;size&quot;:&quot;24&quot;,&quot;title&quot;:&quot;Ren\u00fancia de afilia\u00e7\u00e3o&quot;,&quot;width&quot;:&quot;0&quot;,&quot;_legend&quot;:&quot;{score}\\\/{best} - ({count} {votes})&quot;,&quot;font_factor&quot;:&quot;1.25&quot;}'>\n            \n<div class=\"kksr-stars\">\n    \n<div class=\"kksr-stars-inactive\">\n            <div class=\"kksr-star\" data-star=\"1\" style=\"padding-right: 5px\">\n            \n\n<div class=\"kksr-icon\" style=\"width: 24px; height: 24px;\"><\/div>\n        <\/div>\n            <div class=\"kksr-star\" data-star=\"2\" style=\"padding-right: 5px\">\n            \n\n<div class=\"kksr-icon\" style=\"width: 24px; height: 24px;\"><\/div>\n        <\/div>\n            <div class=\"kksr-star\" data-star=\"3\" style=\"padding-right: 5px\">\n            \n\n<div class=\"kksr-icon\" style=\"width: 24px; height: 24px;\"><\/div>\n        <\/div>\n            <div class=\"kksr-star\" data-star=\"4\" style=\"padding-right: 5px\">\n            \n\n<div class=\"kksr-icon\" style=\"width: 24px; height: 24px;\"><\/div>\n        <\/div>\n            <div class=\"kksr-star\" data-star=\"5\" style=\"padding-right: 5px\">\n            \n\n<div class=\"kksr-icon\" style=\"width: 24px; height: 24px;\"><\/div>\n        <\/div>\n    <\/div>\n    \n<div class=\"kksr-stars-active\" style=\"width: 0px;\">\n            <div class=\"kksr-star\" style=\"padding-right: 5px\">\n            \n\n<div class=\"kksr-icon\" style=\"width: 24px; height: 24px;\"><\/div>\n        <\/div>\n            <div class=\"kksr-star\" style=\"padding-right: 5px\">\n            \n\n<div class=\"kksr-icon\" style=\"width: 24px; height: 24px;\"><\/div>\n        <\/div>\n            <div class=\"kksr-star\" style=\"padding-right: 5px\">\n            \n\n<div class=\"kksr-icon\" style=\"width: 24px; height: 24px;\"><\/div>\n        <\/div>\n            <div class=\"kksr-star\" style=\"padding-right: 5px\">\n            \n\n<div class=\"kksr-icon\" style=\"width: 24px; height: 24px;\"><\/div>\n        <\/div>\n            <div class=\"kksr-star\" style=\"padding-right: 5px\">\n            \n\n<div class=\"kksr-icon\" style=\"width: 24px; height: 24px;\"><\/div>\n        <\/div>\n    <\/div>\n<\/div>\n                \n\n<div class=\"kksr-legend\" style=\"font-size: 19.2px;\">\n            <span class=\"kksr-muted\">Rate this page<\/span>\n    <\/div>\n    <\/div>\n","protected":false},"excerpt":{"rendered":"<p>Certos produtos\/servi\u00e7os e links para produtos\/servi\u00e7os s\u00e3o links de afilia\u00e7\u00e3o, e posso ganhar uma comiss\u00e3o por quaisquer compras que fa\u00e7a. Ocasionalmente, sou compensado por dar a minha opini\u00e3o honesta sobre produtos e\/ou servi\u00e7os. Isto n\u00e3o acarretar\u00e1 custos adicionais para si. Menciono-vos estes produtos e servi\u00e7os porque acredito neles e quero ajudar-vos a melhorar a vossa&#8230;<\/p>\n","protected":false},"author":1,"featured_media":0,"parent":0,"menu_order":0,"comment_status":"closed","ping_status":"closed","template":"","meta":{"_kad_post_transparent":"","_kad_post_title":"","_kad_post_layout":"","_kad_post_sidebar_id":"","_kad_post_content_style":"","_kad_post_vertical_padding":"","_kad_post_feature":"","_kad_post_feature_position":"","_kad_post_header":false,"_kad_post_footer":false,"footnotes":""},"class_list":["post-2166","page","type-page","status-publish","hentry"],"_links":{"self":[{"href":"https:\/\/mexicotransportservice.com\/pt-br\/wp-json\/wp\/v2\/pages\/2166","targetHints":{"allow":["GET"]}}],"collection":[{"href":"https:\/\/mexicotransportservice.com\/pt-br\/wp-json\/wp\/v2\/pages"}],"about":[{"href":"https:\/\/mexicotransportservice.com\/pt-br\/wp-json\/wp\/v2\/types\/page"}],"author":[{"embeddable":true,"href":"https:\/\/mexicotransportservice.com\/pt-br\/wp-json\/wp\/v2\/users\/1"}],"replies":[{"embeddable":true,"href":"https:\/\/mexicotransportservice.com\/pt-br\/wp-json\/wp\/v2\/comments?post=2166"}],"version-history":[{"count":1,"href":"https:\/\/mexicotransportservice.com\/pt-br\/wp-json\/wp\/v2\/pages\/2166\/revisions"}],"predecessor-version":[{"id":2167,"href":"https:\/\/mexicotransportservice.com\/pt-br\/wp-json\/wp\/v2\/pages\/2166\/revisions\/2167"}],"wp:attachment":[{"href":"https:\/\/mexicotransportservice.com\/pt-br\/wp-json\/wp\/v2\/media?parent=2166"}],"curies":[{"name":"wp","href":"https:\/\/api.w.org\/{rel}","templated":true}]}}