{"id":2482,"date":"2022-10-02T12:08:14","date_gmt":"2022-10-02T12:08:14","guid":{"rendered":"https:\/\/mexicotransportservice.com\/esclusione-di-responsabilita-dellaffiliato\/"},"modified":"2022-11-07T09:50:56","modified_gmt":"2022-11-07T09:50:56","slug":"esclusione-di-responsabilita-dellaffiliato","status":"publish","type":"page","link":"https:\/\/mexicotransportservice.com\/it\/esclusione-di-responsabilita-dellaffiliato\/","title":{"rendered":"Esclusione di responsabilit\u00e0 dell&#8217;affiliato"},"content":{"rendered":"\n<p><strong>\n<div role=\"navigation\" aria-label=\"Selettore lingua\" class=\"wpml-ls-statics-shortcode_actions wpml-ls wpml-ls-legacy-list-horizontal\">\n\t<ul><li class=\"wpml-ls-slot-shortcode_actions wpml-ls-item wpml-ls-item-en wpml-ls-first-item wpml-ls-item-legacy-list-horizontal\">\n\t\t\t\t<a href=\"https:\/\/mexicotransportservice.com\/\" hreflang=\"en\" lang=\"en\" class=\"wpml-ls-link\" aria-label=\"Passa a Inglese (English)\" title=\"Passa a Inglese (English)\">\n\t\t\t\t\t<span class=\"wpml-ls-native\">English<\/span><span class=\"wpml-ls-display\"><span class=\"wpml-ls-bracket\"> (<\/span>Inglese<span class=\"wpml-ls-bracket\">)<\/span><\/span><\/a>\n\t\t\t<\/li><li class=\"wpml-ls-slot-shortcode_actions wpml-ls-item wpml-ls-item-de wpml-ls-item-legacy-list-horizontal\">\n\t\t\t\t<a href=\"https:\/\/mexicotransportservice.com\/de\/\" hreflang=\"de\" lang=\"de\" class=\"wpml-ls-link\" aria-label=\"Passa a Tedesco (Deutsch)\" title=\"Passa a Tedesco (Deutsch)\">\n\t\t\t\t\t<span class=\"wpml-ls-native\">Deutsch<\/span><span class=\"wpml-ls-display\"><span class=\"wpml-ls-bracket\"> (<\/span>Tedesco<span class=\"wpml-ls-bracket\">)<\/span><\/span><\/a>\n\t\t\t<\/li><li class=\"wpml-ls-slot-shortcode_actions wpml-ls-item wpml-ls-item-nl wpml-ls-item-legacy-list-horizontal\">\n\t\t\t\t<a href=\"https:\/\/mexicotransportservice.com\/nl\/\" hreflang=\"nl\" lang=\"nl\" class=\"wpml-ls-link\" aria-label=\"Passa a Olandese (Nederlands)\" title=\"Passa a Olandese (Nederlands)\">\n\t\t\t\t\t<span class=\"wpml-ls-native\">Nederlands<\/span><span class=\"wpml-ls-display\"><span class=\"wpml-ls-bracket\"> (<\/span>Olandese<span class=\"wpml-ls-bracket\">)<\/span><\/span><\/a>\n\t\t\t<\/li><li class=\"wpml-ls-slot-shortcode_actions wpml-ls-item wpml-ls-item-fr wpml-ls-item-legacy-list-horizontal\">\n\t\t\t\t<a href=\"https:\/\/mexicotransportservice.com\/fr\/\" hreflang=\"fr\" lang=\"fr\" class=\"wpml-ls-link\" aria-label=\"Passa a Francese (Fran\u00e7ais)\" title=\"Passa a Francese (Fran\u00e7ais)\">\n\t\t\t\t\t<span class=\"wpml-ls-native\">Fran\u00e7ais<\/span><span class=\"wpml-ls-display\"><span class=\"wpml-ls-bracket\"> (<\/span>Francese<span class=\"wpml-ls-bracket\">)<\/span><\/span><\/a>\n\t\t\t<\/li><li class=\"wpml-ls-slot-shortcode_actions wpml-ls-item wpml-ls-item-es wpml-ls-item-legacy-list-horizontal\">\n\t\t\t\t<a href=\"https:\/\/mexicotransportservice.com\/es\/\" hreflang=\"es\" lang=\"es\" class=\"wpml-ls-link\" aria-label=\"Passa a Spagnolo (Espa\u00f1ol)\" title=\"Passa a Spagnolo (Espa\u00f1ol)\">\n\t\t\t\t\t<span class=\"wpml-ls-native\">Espa\u00f1ol<\/span><span class=\"wpml-ls-display\"><span class=\"wpml-ls-bracket\"> (<\/span>Spagnolo<span class=\"wpml-ls-bracket\">)<\/span><\/span><\/a>\n\t\t\t<\/li><li class=\"wpml-ls-slot-shortcode_actions wpml-ls-item wpml-ls-item-pt-br wpml-ls-item-legacy-list-horizontal\">\n\t\t\t\t<a href=\"https:\/\/mexicotransportservice.com\/pt-br\/\" hreflang=\"pt-br\" lang=\"pt-br\" class=\"wpml-ls-link\" aria-label=\"Passa a Portoghese, Brasile (Portugu\u00eas)\" title=\"Passa a Portoghese, Brasile (Portugu\u00eas)\">\n\t\t\t\t\t<span class=\"wpml-ls-native\">Portugu\u00eas<\/span><span class=\"wpml-ls-display\"><span class=\"wpml-ls-bracket\"> (<\/span>Portoghese, Brasile<span class=\"wpml-ls-bracket\">)<\/span><\/span><\/a>\n\t\t\t<\/li><li class=\"wpml-ls-slot-shortcode_actions wpml-ls-item wpml-ls-item-it wpml-ls-current-language wpml-ls-last-item wpml-ls-item-legacy-list-horizontal\">\n\t\t\t\t<a href=\"https:\/\/mexicotransportservice.com\/it\/\" hreflang=\"it\" lang=\"it\" class=\"wpml-ls-link\" aria-current=\"page\" aria-label=\"Passa a Italiano (Italiano)\" title=\"Passa a Italiano (Italiano)\">\n\t\t\t\t\t<span class=\"wpml-ls-native\">Italiano<\/span><\/a>\n\t\t\t<\/li><\/ul>\n<\/div>\n<\/strong><\/p>\n\n<p>Alcuni prodotti\/servizi e link a prodotti\/servizi sono link di affiliazione e potrei guadagnare una commissione per qualsiasi acquisto tu faccia. Occasionalmente, vengo ricompensata per dare la mia onesta opinione su prodotti e\/o servizi. Questo non comporter\u00e0 costi aggiuntivi per te.<\/p>\n\n<p>Ti parlo di questi prodotti e servizi perch\u00e9 credo in loro e voglio aiutarti a migliorare la tua vita. Raccomando solo prodotti o servizi che ritengo offrano valore per te. Per completezza di informazione, Universal Traveller \u00e8 un&#8217;azienda a scopo di lucro, il che significa che guadagno un reddito con questo sito.<\/p>\n\n<p>Per rendere le cose pi\u00f9 facili ad entrambi, dovresti assumere che qualsiasi link che ti porta a prodotti o servizi sono link di affiliazione e che io ricever\u00f2 una commissione dal tuo acquisto.<\/p>\n\n<p>Tutti gli sforzi sono fatti per assicurare che i link di affiliazione siano divulgati in conformit\u00e0 con la FTC.<\/p>\n\n<p>In qualit\u00e0 di Associato Amazon, guadagno dagli acquisti qualificati.<\/p>\n\n<p>Questo blog accetta forme di pubblicit\u00e0 in denaro, sponsorizzazioni, inserzioni pagate o altre forme di compenso.<\/p>\n\n<p>Questo blog rispetta gli standard del marketing del passaparola. Crediamo nell&#8217;onest\u00e0 delle relazioni, delle opinioni e delle identit\u00e0. Il compenso ricevuto pu\u00f2 influenzare il contenuto pubblicitario, gli argomenti o i post di questo blog. Quel contenuto, spazio pubblicitario o post sar\u00e0 chiaramente identificato come contenuto pagato o sponsorizzato.<\/p>\n\n<p>I proprietari di questo blog sono compensati per fornire opinioni su prodotti, servizi, siti web e vari altri argomenti. Anche se i proprietari di questo blog ricevono un compenso per i nostri post o pubblicit\u00e0, noi diamo sempre le nostre oneste opinioni, scoperte, credenze o esperienze su questi argomenti o prodotti. I punti di vista e le opinioni espresse su questo blog sono puramente personali dei blogger. Qualsiasi affermazione, statistica, citazione o altra rappresentazione di un prodotto o servizio dovrebbe essere verificata con il produttore, il fornitore o la parte in questione.<\/p>\n\n<p><a href=\"https:\/\/mexicotransportservice.com\/it\/politica-sulla-privacy\/\" data-type=\"page\" data-id=\"3\">Politica sulla privacy<\/a><\/p>\n<p>[no_toc]<\/p>\n<div id=\"mediavine-settings\" data-blocklist-content-desktop=\"1\" data-blocklist-content-mobile=\"1\"><\/div>\n\n<p><\/p>\n\n\n<div class=\"kk-star-ratings kksr-auto kksr-align-left kksr-valign-bottom\"\n    data-payload='{&quot;align&quot;:&quot;left&quot;,&quot;id&quot;:&quot;2482&quot;,&quot;slug&quot;:&quot;default&quot;,&quot;valign&quot;:&quot;bottom&quot;,&quot;ignore&quot;:&quot;&quot;,&quot;reference&quot;:&quot;auto&quot;,&quot;class&quot;:&quot;&quot;,&quot;count&quot;:&quot;0&quot;,&quot;legendonly&quot;:&quot;&quot;,&quot;readonly&quot;:&quot;&quot;,&quot;score&quot;:&quot;0&quot;,&quot;starsonly&quot;:&quot;&quot;,&quot;best&quot;:&quot;5&quot;,&quot;gap&quot;:&quot;5&quot;,&quot;greet&quot;:&quot;Rate this page&quot;,&quot;legend&quot;:&quot;0\\\/5 - (0 votes)&quot;,&quot;size&quot;:&quot;24&quot;,&quot;title&quot;:&quot;Esclusione di responsabilit\u00e0 dell\\u0026#039;affiliato&quot;,&quot;width&quot;:&quot;0&quot;,&quot;_legend&quot;:&quot;{score}\\\/{best} - ({count} {votes})&quot;,&quot;font_factor&quot;:&quot;1.25&quot;}'>\n            \n<div class=\"kksr-stars\">\n    \n<div class=\"kksr-stars-inactive\">\n            <div class=\"kksr-star\" data-star=\"1\" style=\"padding-right: 5px\">\n            \n\n<div class=\"kksr-icon\" style=\"width: 24px; height: 24px;\"><\/div>\n        <\/div>\n            <div class=\"kksr-star\" data-star=\"2\" style=\"padding-right: 5px\">\n            \n\n<div class=\"kksr-icon\" style=\"width: 24px; height: 24px;\"><\/div>\n        <\/div>\n            <div class=\"kksr-star\" data-star=\"3\" style=\"padding-right: 5px\">\n            \n\n<div class=\"kksr-icon\" style=\"width: 24px; height: 24px;\"><\/div>\n        <\/div>\n            <div class=\"kksr-star\" data-star=\"4\" style=\"padding-right: 5px\">\n            \n\n<div class=\"kksr-icon\" style=\"width: 24px; height: 24px;\"><\/div>\n        <\/div>\n            <div class=\"kksr-star\" data-star=\"5\" style=\"padding-right: 5px\">\n            \n\n<div class=\"kksr-icon\" style=\"width: 24px; height: 24px;\"><\/div>\n        <\/div>\n    <\/div>\n    \n<div class=\"kksr-stars-active\" style=\"width: 0px;\">\n            <div class=\"kksr-star\" style=\"padding-right: 5px\">\n            \n\n<div class=\"kksr-icon\" style=\"width: 24px; height: 24px;\"><\/div>\n        <\/div>\n            <div class=\"kksr-star\" style=\"padding-right: 5px\">\n            \n\n<div class=\"kksr-icon\" style=\"width: 24px; height: 24px;\"><\/div>\n        <\/div>\n            <div class=\"kksr-star\" style=\"padding-right: 5px\">\n            \n\n<div class=\"kksr-icon\" style=\"width: 24px; height: 24px;\"><\/div>\n        <\/div>\n            <div class=\"kksr-star\" style=\"padding-right: 5px\">\n            \n\n<div class=\"kksr-icon\" style=\"width: 24px; height: 24px;\"><\/div>\n        <\/div>\n            <div class=\"kksr-star\" style=\"padding-right: 5px\">\n            \n\n<div class=\"kksr-icon\" style=\"width: 24px; height: 24px;\"><\/div>\n        <\/div>\n    <\/div>\n<\/div>\n                \n\n<div class=\"kksr-legend\" style=\"font-size: 19.2px;\">\n            <span class=\"kksr-muted\">Rate this page<\/span>\n    <\/div>\n    <\/div>\n","protected":false},"excerpt":{"rendered":"<p>Alcuni prodotti\/servizi e link a prodotti\/servizi sono link di affiliazione e potrei guadagnare una commissione per qualsiasi acquisto tu faccia. Occasionalmente, vengo ricompensata per dare la mia onesta opinione su prodotti e\/o servizi. Questo non comporter\u00e0 costi aggiuntivi per te. Ti parlo di questi prodotti e servizi perch\u00e9 credo in loro e voglio aiutarti a&#8230;<\/p>\n","protected":false},"author":1,"featured_media":0,"parent":0,"menu_order":0,"comment_status":"closed","ping_status":"closed","template":"","meta":{"_kad_post_transparent":"","_kad_post_title":"","_kad_post_layout":"","_kad_post_sidebar_id":"","_kad_post_content_style":"","_kad_post_vertical_padding":"","_kad_post_feature":"","_kad_post_feature_position":"","_kad_post_header":false,"_kad_post_footer":false,"footnotes":""},"class_list":["post-2482","page","type-page","status-publish","hentry"],"_links":{"self":[{"href":"https:\/\/mexicotransportservice.com\/it\/wp-json\/wp\/v2\/pages\/2482","targetHints":{"allow":["GET"]}}],"collection":[{"href":"https:\/\/mexicotransportservice.com\/it\/wp-json\/wp\/v2\/pages"}],"about":[{"href":"https:\/\/mexicotransportservice.com\/it\/wp-json\/wp\/v2\/types\/page"}],"author":[{"embeddable":true,"href":"https:\/\/mexicotransportservice.com\/it\/wp-json\/wp\/v2\/users\/1"}],"replies":[{"embeddable":true,"href":"https:\/\/mexicotransportservice.com\/it\/wp-json\/wp\/v2\/comments?post=2482"}],"version-history":[{"count":1,"href":"https:\/\/mexicotransportservice.com\/it\/wp-json\/wp\/v2\/pages\/2482\/revisions"}],"predecessor-version":[{"id":2483,"href":"https:\/\/mexicotransportservice.com\/it\/wp-json\/wp\/v2\/pages\/2482\/revisions\/2483"}],"wp:attachment":[{"href":"https:\/\/mexicotransportservice.com\/it\/wp-json\/wp\/v2\/media?parent=2482"}],"curies":[{"name":"wp","href":"https:\/\/api.w.org\/{rel}","templated":true}]}}