{"id":1881,"date":"2022-10-02T12:08:14","date_gmt":"2022-10-02T12:08:14","guid":{"rendered":"https:\/\/mexicotransportservice.com\/descargo-de-responsabilidad-del-afiliado\/"},"modified":"2022-11-07T09:08:45","modified_gmt":"2022-11-07T09:08:45","slug":"descargo-de-responsabilidad-del-afiliado","status":"publish","type":"page","link":"https:\/\/mexicotransportservice.com\/es\/descargo-de-responsabilidad-del-afiliado\/","title":{"rendered":"Descargo de responsabilidad del afiliado"},"content":{"rendered":"\n<p><strong>\n<div role=\"navigation\" aria-label=\"Selector de idioma\" class=\"wpml-ls-statics-shortcode_actions wpml-ls wpml-ls-legacy-list-horizontal\">\n\t<ul><li class=\"wpml-ls-slot-shortcode_actions wpml-ls-item wpml-ls-item-en wpml-ls-first-item wpml-ls-item-legacy-list-horizontal\">\n\t\t\t\t<a href=\"https:\/\/mexicotransportservice.com\/\" hreflang=\"en\" lang=\"en\" class=\"wpml-ls-link\" aria-label=\"Cambiar a Ingl\u00e9s (English)\" title=\"Cambiar a Ingl\u00e9s (English)\">\n\t\t\t\t\t<span class=\"wpml-ls-native\">English<\/span><span class=\"wpml-ls-display\"><span class=\"wpml-ls-bracket\"> (<\/span>Ingl\u00e9s<span class=\"wpml-ls-bracket\">)<\/span><\/span><\/a>\n\t\t\t<\/li><li class=\"wpml-ls-slot-shortcode_actions wpml-ls-item wpml-ls-item-de wpml-ls-item-legacy-list-horizontal\">\n\t\t\t\t<a href=\"https:\/\/mexicotransportservice.com\/de\/\" hreflang=\"de\" lang=\"de\" class=\"wpml-ls-link\" aria-label=\"Cambiar a Alem\u00e1n (Deutsch)\" title=\"Cambiar a Alem\u00e1n (Deutsch)\">\n\t\t\t\t\t<span class=\"wpml-ls-native\">Deutsch<\/span><span class=\"wpml-ls-display\"><span class=\"wpml-ls-bracket\"> (<\/span>Alem\u00e1n<span class=\"wpml-ls-bracket\">)<\/span><\/span><\/a>\n\t\t\t<\/li><li class=\"wpml-ls-slot-shortcode_actions wpml-ls-item wpml-ls-item-nl wpml-ls-item-legacy-list-horizontal\">\n\t\t\t\t<a href=\"https:\/\/mexicotransportservice.com\/nl\/\" hreflang=\"nl\" lang=\"nl\" class=\"wpml-ls-link\" aria-label=\"Cambiar a Holand\u00e9s (Nederlands)\" title=\"Cambiar a Holand\u00e9s (Nederlands)\">\n\t\t\t\t\t<span class=\"wpml-ls-native\">Nederlands<\/span><span class=\"wpml-ls-display\"><span class=\"wpml-ls-bracket\"> (<\/span>Holand\u00e9s<span class=\"wpml-ls-bracket\">)<\/span><\/span><\/a>\n\t\t\t<\/li><li class=\"wpml-ls-slot-shortcode_actions wpml-ls-item wpml-ls-item-fr wpml-ls-item-legacy-list-horizontal\">\n\t\t\t\t<a href=\"https:\/\/mexicotransportservice.com\/fr\/\" hreflang=\"fr\" lang=\"fr\" class=\"wpml-ls-link\" aria-label=\"Cambiar a Franc\u00e9s (Fran\u00e7ais)\" title=\"Cambiar a Franc\u00e9s (Fran\u00e7ais)\">\n\t\t\t\t\t<span class=\"wpml-ls-native\">Fran\u00e7ais<\/span><span class=\"wpml-ls-display\"><span class=\"wpml-ls-bracket\"> (<\/span>Franc\u00e9s<span class=\"wpml-ls-bracket\">)<\/span><\/span><\/a>\n\t\t\t<\/li><li class=\"wpml-ls-slot-shortcode_actions wpml-ls-item wpml-ls-item-es wpml-ls-current-language wpml-ls-item-legacy-list-horizontal\">\n\t\t\t\t<a href=\"https:\/\/mexicotransportservice.com\/es\/\" hreflang=\"es\" lang=\"es\" class=\"wpml-ls-link\" aria-current=\"page\" aria-label=\"Cambiar a Espa\u00f1ol (Espa\u00f1ol)\" title=\"Cambiar a Espa\u00f1ol (Espa\u00f1ol)\">\n\t\t\t\t\t<span class=\"wpml-ls-native\">Espa\u00f1ol<\/span><\/a>\n\t\t\t<\/li><li class=\"wpml-ls-slot-shortcode_actions wpml-ls-item wpml-ls-item-pt-br wpml-ls-item-legacy-list-horizontal\">\n\t\t\t\t<a href=\"https:\/\/mexicotransportservice.com\/pt-br\/\" hreflang=\"pt-br\" lang=\"pt-br\" class=\"wpml-ls-link\" aria-label=\"Cambiar a Portugu\u00e9s, Brasil (Portugu\u00eas)\" title=\"Cambiar a Portugu\u00e9s, Brasil (Portugu\u00eas)\">\n\t\t\t\t\t<span class=\"wpml-ls-native\">Portugu\u00eas<\/span><span class=\"wpml-ls-display\"><span class=\"wpml-ls-bracket\"> (<\/span>Portugu\u00e9s, Brasil<span class=\"wpml-ls-bracket\">)<\/span><\/span><\/a>\n\t\t\t<\/li><li class=\"wpml-ls-slot-shortcode_actions wpml-ls-item wpml-ls-item-it wpml-ls-last-item wpml-ls-item-legacy-list-horizontal\">\n\t\t\t\t<a href=\"https:\/\/mexicotransportservice.com\/it\/\" hreflang=\"it\" lang=\"it\" class=\"wpml-ls-link\" aria-label=\"Cambiar a Italiano (Italiano)\" title=\"Cambiar a Italiano (Italiano)\">\n\t\t\t\t\t<span class=\"wpml-ls-native\">Italiano<\/span><\/a>\n\t\t\t<\/li><\/ul>\n<\/div>\n<\/strong><\/p>\n\n<p>Ciertos productos\/servicios y enlaces a productos\/servicios son enlaces de afiliados, y puede que gane una comisi\u00f3n por las compras que hagas. Ocasionalmente, recibo una compensaci\u00f3n por dar mi opini\u00f3n sincera sobre productos y\/o servicios. Esto no te supondr\u00e1 costes adicionales.<\/p>\n\n<p>Te menciono estos productos y servicios porque creo en ellos y quiero ayudarte a mejorar tu vida. S\u00f3lo recomiendo productos o servicios que creo que te aportan valor. Para que quede claro, Universal Traveller es una empresa con \u00e1nimo de lucro, lo que significa que obtengo ingresos con este sitio web.<\/p>\n\n<p>Para facilitarnos las cosas a ambos, debes asumir que cualquier enlace que te lleve a productos o servicios son enlaces de afiliados y que recibir\u00e9 una comisi\u00f3n por tu compra.<\/p>\n\n<p>Se hace todo lo posible para garantizar que los enlaces de afiliados se divulguen de acuerdo con la FTC.<\/p>\n\n<p>Como asociado de Amazon, gano por las compras que cumplen los requisitos.<\/p>\n\n<p>Este blog acepta formas de publicidad en efectivo, patrocinio, inserciones pagadas u otras formas de compensaci\u00f3n.<\/p>\n\n<p>Este blog se rige por las normas del marketing boca a boca. Creemos en la honestidad en las relaciones, las opiniones y las identidades. La compensaci\u00f3n recibida puede influir en el contenido publicitario, en los temas o en las publicaciones realizadas en este blog. Ese contenido, espacio publicitario o post estar\u00e1 claramente identificado como contenido pagado o patrocinado.<\/p>\n\n<p>El\/los propietario\/s de este blog recibe\/n una compensaci\u00f3n por proporcionar opiniones sobre productos, servicios, sitios web y otros temas diversos. Aunque los propietarios de este blog reciban una compensaci\u00f3n por nuestras publicaciones o anuncios, siempre damos nuestras honestas opiniones, descubrimientos, creencias o experiencias sobre esos temas o productos. Los puntos de vista y las opiniones expresadas en este blog son exclusivamente de los blogueros. Cualquier afirmaci\u00f3n, estad\u00edstica, cita u otra representaci\u00f3n sobre un producto o servicio debe verificarse con el fabricante, el proveedor o la parte en cuesti\u00f3n.<\/p>\n\n<p><a href=\"https:\/\/mexicotransportservice.com\/es\/politica-de-privacidad\/\" data-type=\"page\" data-id=\"3\">Pol\u00edtica de privacidad<\/a><\/p>\n<p>[no_toc]<\/p>\n<div id=\"mediavine-settings\" data-blocklist-content-desktop=\"1\" data-blocklist-content-mobile=\"1\"><\/div>\n\n<p><\/p>\n\n\n<div class=\"kk-star-ratings kksr-auto kksr-align-left kksr-valign-bottom\"\n    data-payload='{&quot;align&quot;:&quot;left&quot;,&quot;id&quot;:&quot;1881&quot;,&quot;slug&quot;:&quot;default&quot;,&quot;valign&quot;:&quot;bottom&quot;,&quot;ignore&quot;:&quot;&quot;,&quot;reference&quot;:&quot;auto&quot;,&quot;class&quot;:&quot;&quot;,&quot;count&quot;:&quot;0&quot;,&quot;legendonly&quot;:&quot;&quot;,&quot;readonly&quot;:&quot;&quot;,&quot;score&quot;:&quot;0&quot;,&quot;starsonly&quot;:&quot;&quot;,&quot;best&quot;:&quot;5&quot;,&quot;gap&quot;:&quot;5&quot;,&quot;greet&quot;:&quot;Rate this page&quot;,&quot;legend&quot;:&quot;0\\\/5 - (0 votos)&quot;,&quot;size&quot;:&quot;24&quot;,&quot;title&quot;:&quot;Descargo de responsabilidad del afiliado&quot;,&quot;width&quot;:&quot;0&quot;,&quot;_legend&quot;:&quot;{score}\\\/{best} - ({count} {votes})&quot;,&quot;font_factor&quot;:&quot;1.25&quot;}'>\n            \n<div class=\"kksr-stars\">\n    \n<div class=\"kksr-stars-inactive\">\n            <div class=\"kksr-star\" data-star=\"1\" style=\"padding-right: 5px\">\n            \n\n<div class=\"kksr-icon\" style=\"width: 24px; height: 24px;\"><\/div>\n        <\/div>\n            <div class=\"kksr-star\" data-star=\"2\" style=\"padding-right: 5px\">\n            \n\n<div class=\"kksr-icon\" style=\"width: 24px; height: 24px;\"><\/div>\n        <\/div>\n            <div class=\"kksr-star\" data-star=\"3\" style=\"padding-right: 5px\">\n            \n\n<div class=\"kksr-icon\" style=\"width: 24px; height: 24px;\"><\/div>\n        <\/div>\n            <div class=\"kksr-star\" data-star=\"4\" style=\"padding-right: 5px\">\n            \n\n<div class=\"kksr-icon\" style=\"width: 24px; height: 24px;\"><\/div>\n        <\/div>\n            <div class=\"kksr-star\" data-star=\"5\" style=\"padding-right: 5px\">\n            \n\n<div class=\"kksr-icon\" style=\"width: 24px; height: 24px;\"><\/div>\n        <\/div>\n    <\/div>\n    \n<div class=\"kksr-stars-active\" style=\"width: 0px;\">\n            <div class=\"kksr-star\" style=\"padding-right: 5px\">\n            \n\n<div class=\"kksr-icon\" style=\"width: 24px; height: 24px;\"><\/div>\n        <\/div>\n            <div class=\"kksr-star\" style=\"padding-right: 5px\">\n            \n\n<div class=\"kksr-icon\" style=\"width: 24px; height: 24px;\"><\/div>\n        <\/div>\n            <div class=\"kksr-star\" style=\"padding-right: 5px\">\n            \n\n<div class=\"kksr-icon\" style=\"width: 24px; height: 24px;\"><\/div>\n        <\/div>\n            <div class=\"kksr-star\" style=\"padding-right: 5px\">\n            \n\n<div class=\"kksr-icon\" style=\"width: 24px; height: 24px;\"><\/div>\n        <\/div>\n            <div class=\"kksr-star\" style=\"padding-right: 5px\">\n            \n\n<div class=\"kksr-icon\" style=\"width: 24px; height: 24px;\"><\/div>\n        <\/div>\n    <\/div>\n<\/div>\n                \n\n<div class=\"kksr-legend\" style=\"font-size: 19.2px;\">\n            <span class=\"kksr-muted\">Rate this page<\/span>\n    <\/div>\n    <\/div>\n","protected":false},"excerpt":{"rendered":"<p>Ciertos productos\/servicios y enlaces a productos\/servicios son enlaces de afiliados, y puede que gane una comisi\u00f3n por las compras que hagas. Ocasionalmente, recibo una compensaci\u00f3n por dar mi opini\u00f3n sincera sobre productos y\/o servicios. Esto no te supondr\u00e1 costes adicionales. Te menciono estos productos y servicios porque creo en ellos y quiero ayudarte a mejorar&#8230;<\/p>\n","protected":false},"author":1,"featured_media":0,"parent":0,"menu_order":0,"comment_status":"closed","ping_status":"closed","template":"","meta":{"_kad_post_transparent":"","_kad_post_title":"","_kad_post_layout":"","_kad_post_sidebar_id":"","_kad_post_content_style":"","_kad_post_vertical_padding":"","_kad_post_feature":"","_kad_post_feature_position":"","_kad_post_header":false,"_kad_post_footer":false,"footnotes":""},"class_list":["post-1881","page","type-page","status-publish","hentry"],"_links":{"self":[{"href":"https:\/\/mexicotransportservice.com\/es\/wp-json\/wp\/v2\/pages\/1881","targetHints":{"allow":["GET"]}}],"collection":[{"href":"https:\/\/mexicotransportservice.com\/es\/wp-json\/wp\/v2\/pages"}],"about":[{"href":"https:\/\/mexicotransportservice.com\/es\/wp-json\/wp\/v2\/types\/page"}],"author":[{"embeddable":true,"href":"https:\/\/mexicotransportservice.com\/es\/wp-json\/wp\/v2\/users\/1"}],"replies":[{"embeddable":true,"href":"https:\/\/mexicotransportservice.com\/es\/wp-json\/wp\/v2\/comments?post=1881"}],"version-history":[{"count":1,"href":"https:\/\/mexicotransportservice.com\/es\/wp-json\/wp\/v2\/pages\/1881\/revisions"}],"predecessor-version":[{"id":1882,"href":"https:\/\/mexicotransportservice.com\/es\/wp-json\/wp\/v2\/pages\/1881\/revisions\/1882"}],"wp:attachment":[{"href":"https:\/\/mexicotransportservice.com\/es\/wp-json\/wp\/v2\/media?parent=1881"}],"curies":[{"name":"wp","href":"https:\/\/api.w.org\/{rel}","templated":true}]}}