{"id":44,"date":"2022-10-02T12:08:14","date_gmt":"2022-10-02T12:08:14","guid":{"rendered":"https:\/\/mexicotransportservice.com\/?page_id=44"},"modified":"2022-11-02T14:10:32","modified_gmt":"2022-11-02T14:10:32","slug":"affiliate-haftungsausschluss","status":"publish","type":"page","link":"https:\/\/mexicotransportservice.com\/de\/affiliate-haftungsausschluss\/","title":{"rendered":"Affiliate Haftungsausschluss"},"content":{"rendered":"\n<p><strong>\n<div role=\"navigation\" aria-label=\"Sprachwechsler\" class=\"wpml-ls-statics-shortcode_actions wpml-ls wpml-ls-legacy-list-horizontal\">\n\t<ul><li class=\"wpml-ls-slot-shortcode_actions wpml-ls-item wpml-ls-item-en wpml-ls-first-item wpml-ls-item-legacy-list-horizontal\">\n\t\t\t\t<a href=\"https:\/\/mexicotransportservice.com\/\" hreflang=\"en\" lang=\"en\" class=\"wpml-ls-link\" aria-label=\"Wechseln zu Englisch (English)\" title=\"Wechseln zu Englisch (English)\">\n\t\t\t\t\t<span class=\"wpml-ls-native\">English<\/span><span class=\"wpml-ls-display\"><span class=\"wpml-ls-bracket\"> (<\/span>Englisch<span class=\"wpml-ls-bracket\">)<\/span><\/span><\/a>\n\t\t\t<\/li><li class=\"wpml-ls-slot-shortcode_actions wpml-ls-item wpml-ls-item-de wpml-ls-current-language wpml-ls-item-legacy-list-horizontal\">\n\t\t\t\t<a href=\"https:\/\/mexicotransportservice.com\/de\/\" hreflang=\"de\" lang=\"de\" class=\"wpml-ls-link\" aria-current=\"page\" aria-label=\"Wechseln zu Deutsch (Deutsch)\" title=\"Wechseln zu Deutsch (Deutsch)\">\n\t\t\t\t\t<span class=\"wpml-ls-native\">Deutsch<\/span><\/a>\n\t\t\t<\/li><li class=\"wpml-ls-slot-shortcode_actions wpml-ls-item wpml-ls-item-nl wpml-ls-item-legacy-list-horizontal\">\n\t\t\t\t<a href=\"https:\/\/mexicotransportservice.com\/nl\/\" hreflang=\"nl\" lang=\"nl\" class=\"wpml-ls-link\" aria-label=\"Wechseln zu Niederl\u00e4ndisch (Nederlands)\" title=\"Wechseln zu Niederl\u00e4ndisch (Nederlands)\">\n\t\t\t\t\t<span class=\"wpml-ls-native\">Nederlands<\/span><span class=\"wpml-ls-display\"><span class=\"wpml-ls-bracket\"> (<\/span>Niederl\u00e4ndisch<span class=\"wpml-ls-bracket\">)<\/span><\/span><\/a>\n\t\t\t<\/li><li class=\"wpml-ls-slot-shortcode_actions wpml-ls-item wpml-ls-item-fr wpml-ls-item-legacy-list-horizontal\">\n\t\t\t\t<a href=\"https:\/\/mexicotransportservice.com\/fr\/\" hreflang=\"fr\" lang=\"fr\" class=\"wpml-ls-link\" aria-label=\"Wechseln zu Franz\u00f6sisch (Fran\u00e7ais)\" title=\"Wechseln zu Franz\u00f6sisch (Fran\u00e7ais)\">\n\t\t\t\t\t<span class=\"wpml-ls-native\">Fran\u00e7ais<\/span><span class=\"wpml-ls-display\"><span class=\"wpml-ls-bracket\"> (<\/span>Franz\u00f6sisch<span class=\"wpml-ls-bracket\">)<\/span><\/span><\/a>\n\t\t\t<\/li><li class=\"wpml-ls-slot-shortcode_actions wpml-ls-item wpml-ls-item-es wpml-ls-item-legacy-list-horizontal\">\n\t\t\t\t<a href=\"https:\/\/mexicotransportservice.com\/es\/\" hreflang=\"es\" lang=\"es\" class=\"wpml-ls-link\" aria-label=\"Wechseln zu Spanisch (Espa\u00f1ol)\" title=\"Wechseln zu Spanisch (Espa\u00f1ol)\">\n\t\t\t\t\t<span class=\"wpml-ls-native\">Espa\u00f1ol<\/span><span class=\"wpml-ls-display\"><span class=\"wpml-ls-bracket\"> (<\/span>Spanisch<span class=\"wpml-ls-bracket\">)<\/span><\/span><\/a>\n\t\t\t<\/li><li class=\"wpml-ls-slot-shortcode_actions wpml-ls-item wpml-ls-item-pt-br wpml-ls-item-legacy-list-horizontal\">\n\t\t\t\t<a href=\"https:\/\/mexicotransportservice.com\/pt-br\/\" hreflang=\"pt-br\" lang=\"pt-br\" class=\"wpml-ls-link\" aria-label=\"Wechseln zu Portugiesisch, Brasilien (Portugu\u00eas)\" title=\"Wechseln zu Portugiesisch, Brasilien (Portugu\u00eas)\">\n\t\t\t\t\t<span class=\"wpml-ls-native\">Portugu\u00eas<\/span><span class=\"wpml-ls-display\"><span class=\"wpml-ls-bracket\"> (<\/span>Portugiesisch, Brasilien<span class=\"wpml-ls-bracket\">)<\/span><\/span><\/a>\n\t\t\t<\/li><li class=\"wpml-ls-slot-shortcode_actions wpml-ls-item wpml-ls-item-it wpml-ls-last-item wpml-ls-item-legacy-list-horizontal\">\n\t\t\t\t<a href=\"https:\/\/mexicotransportservice.com\/it\/\" hreflang=\"it\" lang=\"it\" class=\"wpml-ls-link\" aria-label=\"Wechseln zu Italienisch (Italiano)\" title=\"Wechseln zu Italienisch (Italiano)\">\n\t\t\t\t\t<span class=\"wpml-ls-native\">Italiano<\/span><span class=\"wpml-ls-display\"><span class=\"wpml-ls-bracket\"> (<\/span>Italienisch<span class=\"wpml-ls-bracket\">)<\/span><\/span><\/a>\n\t\t\t<\/li><\/ul>\n<\/div>\n<\/strong><\/p>\n\n<p>Bestimmte Produkte\/Dienstleistungen und Links zu Produkten\/Dienstleistungen sind Affiliate-Links, und ich erhalte m\u00f6glicherweise eine Provision f\u00fcr jeden Kauf, den du t\u00e4tigst. Gelegentlich werde ich daf\u00fcr entsch\u00e4digt, dass ich meine ehrliche Meinung zu Produkten und\/oder Dienstleistungen \u00e4u\u00dfere. Dadurch entstehen f\u00fcr dich keine zus\u00e4tzlichen Kosten.<\/p>\n\n<p>Ich erw\u00e4hne diese Produkte und Dienstleistungen, weil ich an sie glaube und dir helfen m\u00f6chte, dein Leben zu verbessern. Ich empfehle nur Produkte oder Dienstleistungen, von denen ich glaube, dass sie dir einen Nutzen bringen. Ich m\u00f6chte ganz offen sagen, dass Universal Traveller ein gewinnorientiertes Unternehmen ist, was bedeutet, dass ich mit dieser Website ein Einkommen erziele.<\/p>\n\n<p>Um es f\u00fcr uns beide einfach zu machen, solltest du davon ausgehen, dass alle Links, die dich zu Produkten oder Dienstleistungen f\u00fchren, Affiliate-Links sind und dass ich eine Provision f\u00fcr deinen Kauf erhalte.<\/p>\n\n<p>Es werden alle Anstrengungen unternommen, um sicherzustellen, dass die Affiliate-Links in \u00dcbereinstimmung mit der FTC offengelegt werden.<\/p>\n\n<p>Als Amazon Associate verdiene ich an qualifizierten Eink\u00e4ufen.<\/p>\n\n<p>Dieser Blog akzeptiert Formen von Geldwerbung, Sponsoring, bezahlte Einblendungen oder andere Formen der Verg\u00fctung.<\/p>\n\n<p>Dieser Blog h\u00e4lt sich an die Standards des Mundpropaganda-Marketings. Wir glauben an Ehrlichkeit in Beziehungen, Meinungen und Identit\u00e4ten. Die erhaltene Verg\u00fctung kann die Werbeinhalte, Themen oder Beitr\u00e4ge in diesem Blog beeinflussen. Dieser Inhalt, diese Werbefl\u00e4che oder dieser Beitrag wird eindeutig als bezahlter oder gesponserter Inhalt gekennzeichnet.<\/p>\n\n<p>Der\/die Eigent\u00fcmer dieses Blogs werden daf\u00fcr entlohnt, dass sie Meinungen zu Produkten, Dienstleistungen, Websites und verschiedenen anderen Themen abgeben. Auch wenn der\/die Eigent\u00fcmer dieses Blogs eine Verg\u00fctung f\u00fcr unsere Beitr\u00e4ge oder Werbung erhalten, geben wir immer unsere ehrliche Meinung, Erkenntnisse, \u00dcberzeugungen oder Erfahrungen zu diesen Themen oder Produkten wieder. Die Ansichten und Meinungen, die in diesem Blog ge\u00e4u\u00dfert werden, sind ausschlie\u00dflich die der Blogger. Jede Produktbehauptung, Statistik, jedes Zitat oder jede andere Darstellung \u00fcber ein Produkt oder eine Dienstleistung sollte beim Hersteller, Anbieter oder der betreffenden Partei \u00fcberpr\u00fcft werden.<\/p>\n\n<p><a href=\"https:\/\/mexicotransportservice.com\/de\/datenschutzrichtlinie\/\" data-type=\"page\" data-id=\"3\">Datenschutzrichtlinie<\/a><\/p>\n<p>[no_toc]<\/p>\n<div id=\"mediavine-settings\" data-blocklist-content-desktop=\"1\" data-blocklist-content-mobile=\"1\"><\/div>\n\n<p><\/p>\n\n\n<div class=\"kk-star-ratings kksr-auto kksr-align-left kksr-valign-bottom\"\n    data-payload='{&quot;align&quot;:&quot;left&quot;,&quot;id&quot;:&quot;44&quot;,&quot;slug&quot;:&quot;default&quot;,&quot;valign&quot;:&quot;bottom&quot;,&quot;ignore&quot;:&quot;&quot;,&quot;reference&quot;:&quot;auto&quot;,&quot;class&quot;:&quot;&quot;,&quot;count&quot;:&quot;0&quot;,&quot;legendonly&quot;:&quot;&quot;,&quot;readonly&quot;:&quot;&quot;,&quot;score&quot;:&quot;0&quot;,&quot;starsonly&quot;:&quot;&quot;,&quot;best&quot;:&quot;5&quot;,&quot;gap&quot;:&quot;5&quot;,&quot;greet&quot;:&quot;Rate this page&quot;,&quot;legend&quot;:&quot;0\\\/5 - (0 votes)&quot;,&quot;size&quot;:&quot;24&quot;,&quot;title&quot;:&quot;Affiliate Haftungsausschluss&quot;,&quot;width&quot;:&quot;0&quot;,&quot;_legend&quot;:&quot;{score}\\\/{best} - ({count} {votes})&quot;,&quot;font_factor&quot;:&quot;1.25&quot;}'>\n            \n<div class=\"kksr-stars\">\n    \n<div class=\"kksr-stars-inactive\">\n            <div class=\"kksr-star\" data-star=\"1\" style=\"padding-right: 5px\">\n            \n\n<div class=\"kksr-icon\" style=\"width: 24px; height: 24px;\"><\/div>\n        <\/div>\n            <div class=\"kksr-star\" data-star=\"2\" style=\"padding-right: 5px\">\n            \n\n<div class=\"kksr-icon\" style=\"width: 24px; height: 24px;\"><\/div>\n        <\/div>\n            <div class=\"kksr-star\" data-star=\"3\" style=\"padding-right: 5px\">\n            \n\n<div class=\"kksr-icon\" style=\"width: 24px; height: 24px;\"><\/div>\n        <\/div>\n            <div class=\"kksr-star\" data-star=\"4\" style=\"padding-right: 5px\">\n            \n\n<div class=\"kksr-icon\" style=\"width: 24px; height: 24px;\"><\/div>\n        <\/div>\n            <div class=\"kksr-star\" data-star=\"5\" style=\"padding-right: 5px\">\n            \n\n<div class=\"kksr-icon\" style=\"width: 24px; height: 24px;\"><\/div>\n        <\/div>\n    <\/div>\n    \n<div class=\"kksr-stars-active\" style=\"width: 0px;\">\n            <div class=\"kksr-star\" style=\"padding-right: 5px\">\n            \n\n<div class=\"kksr-icon\" style=\"width: 24px; height: 24px;\"><\/div>\n        <\/div>\n            <div class=\"kksr-star\" style=\"padding-right: 5px\">\n            \n\n<div class=\"kksr-icon\" style=\"width: 24px; height: 24px;\"><\/div>\n        <\/div>\n            <div class=\"kksr-star\" style=\"padding-right: 5px\">\n            \n\n<div class=\"kksr-icon\" style=\"width: 24px; height: 24px;\"><\/div>\n        <\/div>\n            <div class=\"kksr-star\" style=\"padding-right: 5px\">\n            \n\n<div class=\"kksr-icon\" style=\"width: 24px; height: 24px;\"><\/div>\n        <\/div>\n            <div class=\"kksr-star\" style=\"padding-right: 5px\">\n            \n\n<div class=\"kksr-icon\" style=\"width: 24px; height: 24px;\"><\/div>\n        <\/div>\n    <\/div>\n<\/div>\n                \n\n<div class=\"kksr-legend\" style=\"font-size: 19.2px;\">\n            <span class=\"kksr-muted\">Rate this page<\/span>\n    <\/div>\n    <\/div>\n","protected":false},"excerpt":{"rendered":"<p>Bestimmte Produkte\/Dienstleistungen und Links zu Produkten\/Dienstleistungen sind Affiliate-Links, und ich erhalte m\u00f6glicherweise eine Provision f\u00fcr jeden Kauf, den du t\u00e4tigst. Gelegentlich werde ich daf\u00fcr entsch\u00e4digt, dass ich meine ehrliche Meinung zu Produkten und\/oder Dienstleistungen \u00e4u\u00dfere. Dadurch entstehen f\u00fcr dich keine zus\u00e4tzlichen Kosten. Ich erw\u00e4hne diese Produkte und Dienstleistungen, weil ich an sie glaube und dir&#8230;<\/p>\n","protected":false},"author":1,"featured_media":0,"parent":0,"menu_order":0,"comment_status":"closed","ping_status":"closed","template":"","meta":{"_kad_post_transparent":"","_kad_post_title":"","_kad_post_layout":"","_kad_post_sidebar_id":"","_kad_post_content_style":"","_kad_post_vertical_padding":"","_kad_post_feature":"","_kad_post_feature_position":"","_kad_post_header":false,"_kad_post_footer":false,"footnotes":""},"class_list":["post-44","page","type-page","status-publish","hentry"],"_links":{"self":[{"href":"https:\/\/mexicotransportservice.com\/de\/wp-json\/wp\/v2\/pages\/44","targetHints":{"allow":["GET"]}}],"collection":[{"href":"https:\/\/mexicotransportservice.com\/de\/wp-json\/wp\/v2\/pages"}],"about":[{"href":"https:\/\/mexicotransportservice.com\/de\/wp-json\/wp\/v2\/types\/page"}],"author":[{"embeddable":true,"href":"https:\/\/mexicotransportservice.com\/de\/wp-json\/wp\/v2\/users\/1"}],"replies":[{"embeddable":true,"href":"https:\/\/mexicotransportservice.com\/de\/wp-json\/wp\/v2\/comments?post=44"}],"version-history":[{"count":2,"href":"https:\/\/mexicotransportservice.com\/de\/wp-json\/wp\/v2\/pages\/44\/revisions"}],"predecessor-version":[{"id":598,"href":"https:\/\/mexicotransportservice.com\/de\/wp-json\/wp\/v2\/pages\/44\/revisions\/598"}],"wp:attachment":[{"href":"https:\/\/mexicotransportservice.com\/de\/wp-json\/wp\/v2\/media?parent=44"}],"curies":[{"name":"wp","href":"https:\/\/api.w.org\/{rel}","templated":true}]}}